{"id":3,"date":"2019-07-12T09:25:07","date_gmt":"2019-07-12T07:25:07","guid":{"rendered":"http:\/\/festspiele-taggenbrunn.at\/?page_id=3"},"modified":"2019-07-22T16:15:15","modified_gmt":"2019-07-22T14:15:15","slug":"datenschutz","status":"publish","type":"page","link":"https:\/\/festspiele-taggenbrunn.at\/it\/datenschutz\/","title":{"rendered":"Protezione dei dati"},"content":{"rendered":"<div class=\"wpb-content-wrapper\"><section class=\"light-wrapper normal-padding vc_row wpb_row vc_row-fluid light-wrapper normal-padding\"><div class=\"container\"><div class=\"row\"><div class=\"wpb_column vc_column_container col-sm-8 col-sm-offset-2 col-xs-12\"><div class=\"vc_column-inner\"><div class=\"wpb_wrapper\">\n\t<div class=\"wpb_text_column wpb_content_element\" >\n\t\t<div class=\"wpb_wrapper\">\n\t\t\t<h1>Protezione dei dati<\/h1>\n<h3 class=\"wp-block-heading\">Dichiarazione sul dovere di informazione<\/h3>\n<p>La protezione dei vostri dati personali ci sta particolarmente a cuore. Per questo motivo trattiamo i vostri dati esclusivamente sulla base delle disposizioni di legge (GDPR, TKG 2003). In questa informativa sulla protezione dei dati, vi informiamo sugli aspetti pi\u00f9 importanti del trattamento dei dati sul nostro sito web.<\/p>\n<h3 class=\"wp-block-heading\">Contatto con noi<\/h3>\n<p>Se ci contattate, i dati da voi forniti saranno da noi conservati per sei mesi allo scopo di elaborare la vostra richiesta e in caso di domande successive. Non trasmetteremo questi dati senza il vostro consenso.<\/p>\n<h3 class=\"wp-block-heading\">Biscotti<\/h3>\n<p>Il nostro sito web utilizza i cosiddetti cookie. Si tratta di piccoli file di testo che vengono memorizzati sul vostro dispositivo finale con l'aiuto del browser. Non causano alcun danno. Utilizziamo i cookie per rendere il nostro sito web pi\u00f9 facile da usare. Alcuni cookie rimangono memorizzati sul vostro dispositivo finale finch\u00e9 non li cancellate. Essi ci consentono di riconoscere il vostro browser alla vostra prossima visita. Se non lo desiderate, potete impostare il vostro browser in modo che vi informi dell'impostazione dei cookie e che lo consentiate solo in singoli casi. Se disattivate i cookie, la funzionalit\u00e0 del nostro sito web potrebbe essere limitata.<\/p>\n<h3 class=\"wp-block-heading\">I vostri diritti<\/h3>\n<p>In linea di principio, avete i diritti di informazione, correzione, cancellazione, limitazione, portabilit\u00e0 dei dati, cancellazione e opposizione. Se ritenete che il trattamento dei vostri dati violi la legge sulla protezione dei dati o che i vostri diritti di protezione dei dati siano stati violati in altro modo, potete presentare un reclamo all'autorit\u00e0 di vigilanza. In Austria, questa \u00e8 l'autorit\u00e0 per la protezione dei dati.<\/p>\n<h3 class=\"wp-block-heading\">Potete contattarci ai seguenti recapiti:<\/h3>\n<p>Jacques Lemans Ltd.<\/p>\n<p>Jacques-Lemans-Strasse 1<br \/>\n9300 St. Veit an der Glan\/Austria<\/p>\n<p>Telefono: +43 4212 5444-0<br \/>\nFax: +43 4212 5444-20<br \/>\nPosta: <a href=\"mailto:office@jacques-lemans.com\">office@jacques-lemans.com<\/a><\/p>\n\n\t\t<\/div>\n\t<\/div>\n<\/div><\/div><\/div><\/div><\/div><\/section>\r\n<\/div>","protected":false},"excerpt":{"rendered":"Protezione dei dati Dichiarazione sull'obbligo di informazione La protezione dei vostri dati personali ci sta particolarmente a cuore. Per questo motivo trattiamo i vostri dati esclusivamente...","protected":false},"author":1,"featured_media":0,"parent":0,"menu_order":0,"comment_status":"closed","ping_status":"closed","template":"","meta":{"_acf_changed":false,"inline_featured_image":false,"footnotes":""},"class_list":["post-3","page","type-page","status-publish","hentry"],"acf":[],"yoast_head":"<!-- This site is optimized with the Yoast SEO plugin v23.6 - https:\/\/yoast.com\/wordpress\/plugins\/seo\/ -->\n<title>Datenschutz &#183; Festspiele Taggenbrunn<\/title>\n<meta name=\"robots\" content=\"index, follow, max-snippet:-1, max-image-preview:large, max-video-preview:-1\" \/>\n<link rel=\"canonical\" href=\"https:\/\/festspiele-taggenbrunn.at\/it\/datenschutz\/\" \/>\n<meta property=\"og:locale\" content=\"it_IT\" \/>\n<meta property=\"og:type\" content=\"article\" \/>\n<meta property=\"og:title\" content=\"Datenschutz &#183; Festspiele Taggenbrunn\" \/>\n<meta property=\"og:url\" content=\"https:\/\/festspiele-taggenbrunn.at\/it\/datenschutz\/\" \/>\n<meta property=\"og:site_name\" content=\"Festspiele Taggenbrunn\" \/>\n<meta property=\"article:modified_time\" content=\"2019-07-22T14:15:15+00:00\" \/>\n<meta name=\"twitter:card\" content=\"summary_large_image\" \/>\n<meta name=\"twitter:label1\" content=\"Tempo di lettura stimato\" \/>\n\t<meta name=\"twitter:data1\" content=\"1 minuto\" \/>\n<script type=\"application\/ld+json\" class=\"yoast-schema-graph\">{\"@context\":\"https:\/\/schema.org\",\"@graph\":[{\"@type\":\"WebPage\",\"@id\":\"https:\/\/festspiele-taggenbrunn.at\/datenschutz\/\",\"url\":\"https:\/\/festspiele-taggenbrunn.at\/datenschutz\/\",\"name\":\"Datenschutz &#183; Festspiele Taggenbrunn\",\"isPartOf\":{\"@id\":\"https:\/\/festspiele-taggenbrunn.at\/#website\"},\"datePublished\":\"2019-07-12T07:25:07+00:00\",\"dateModified\":\"2019-07-22T14:15:15+00:00\",\"breadcrumb\":{\"@id\":\"https:\/\/festspiele-taggenbrunn.at\/datenschutz\/#breadcrumb\"},\"inLanguage\":\"it-IT\",\"potentialAction\":[{\"@type\":\"ReadAction\",\"target\":[\"https:\/\/festspiele-taggenbrunn.at\/datenschutz\/\"]}]},{\"@type\":\"BreadcrumbList\",\"@id\":\"https:\/\/festspiele-taggenbrunn.at\/datenschutz\/#breadcrumb\",\"itemListElement\":[{\"@type\":\"ListItem\",\"position\":1,\"name\":\"Home\",\"item\":\"https:\/\/festspiele-taggenbrunn.at\/\"},{\"@type\":\"ListItem\",\"position\":2,\"name\":\"Datenschutz\"}]},{\"@type\":\"WebSite\",\"@id\":\"https:\/\/festspiele-taggenbrunn.at\/#website\",\"url\":\"https:\/\/festspiele-taggenbrunn.at\/\",\"name\":\"Festspiele Taggenbrunn\",\"description\":\"\",\"publisher\":{\"@id\":\"https:\/\/festspiele-taggenbrunn.at\/#organization\"},\"potentialAction\":[{\"@type\":\"SearchAction\",\"target\":{\"@type\":\"EntryPoint\",\"urlTemplate\":\"https:\/\/festspiele-taggenbrunn.at\/?s={search_term_string}\"},\"query-input\":{\"@type\":\"PropertyValueSpecification\",\"valueRequired\":true,\"valueName\":\"search_term_string\"}}],\"inLanguage\":\"it-IT\"},{\"@type\":\"Organization\",\"@id\":\"https:\/\/festspiele-taggenbrunn.at\/#organization\",\"name\":\"Taggenbrunner Festspiele\",\"url\":\"https:\/\/festspiele-taggenbrunn.at\/\",\"logo\":{\"@type\":\"ImageObject\",\"inLanguage\":\"it-IT\",\"@id\":\"https:\/\/festspiele-taggenbrunn.at\/#\/schema\/logo\/image\/\",\"url\":\"https:\/\/festspiele-taggenbrunn.at\/wp-content\/uploads\/Logo-TGB-Festspiele-logo.png\",\"contentUrl\":\"https:\/\/festspiele-taggenbrunn.at\/wp-content\/uploads\/Logo-TGB-Festspiele-logo.png\",\"width\":1947,\"height\":538,\"caption\":\"Taggenbrunner Festspiele\"},\"image\":{\"@id\":\"https:\/\/festspiele-taggenbrunn.at\/#\/schema\/logo\/image\/\"}}]}<\/script>\n<!-- \/ Yoast SEO plugin. -->","yoast_head_json":{"title":"Protezione dei dati - Festival di Taggenbrunn","robots":{"index":"index","follow":"follow","max-snippet":"max-snippet:-1","max-image-preview":"max-image-preview:large","max-video-preview":"max-video-preview:-1"},"canonical":"https:\/\/festspiele-taggenbrunn.at\/it\/datenschutz\/","og_locale":"it_IT","og_type":"article","og_title":"Datenschutz &#183; Festspiele Taggenbrunn","og_url":"https:\/\/festspiele-taggenbrunn.at\/it\/datenschutz\/","og_site_name":"Festspiele Taggenbrunn","article_modified_time":"2019-07-22T14:15:15+00:00","twitter_card":"summary_large_image","twitter_misc":{"Tempo di lettura stimato":"1 minuto"},"schema":{"@context":"https:\/\/schema.org","@graph":[{"@type":"WebPage","@id":"https:\/\/festspiele-taggenbrunn.at\/datenschutz\/","url":"https:\/\/festspiele-taggenbrunn.at\/datenschutz\/","name":"Protezione dei dati - Festival di Taggenbrunn","isPartOf":{"@id":"https:\/\/festspiele-taggenbrunn.at\/#website"},"datePublished":"2019-07-12T07:25:07+00:00","dateModified":"2019-07-22T14:15:15+00:00","breadcrumb":{"@id":"https:\/\/festspiele-taggenbrunn.at\/datenschutz\/#breadcrumb"},"inLanguage":"it-IT","potentialAction":[{"@type":"ReadAction","target":["https:\/\/festspiele-taggenbrunn.at\/datenschutz\/"]}]},{"@type":"BreadcrumbList","@id":"https:\/\/festspiele-taggenbrunn.at\/datenschutz\/#breadcrumb","itemListElement":[{"@type":"ListItem","position":1,"name":"Home","item":"https:\/\/festspiele-taggenbrunn.at\/"},{"@type":"ListItem","position":2,"name":"Datenschutz"}]},{"@type":"WebSite","@id":"https:\/\/festspiele-taggenbrunn.at\/#website","url":"https:\/\/festspiele-taggenbrunn.at\/","name":"Festival di Taggenbrunn","description":"","publisher":{"@id":"https:\/\/festspiele-taggenbrunn.at\/#organization"},"potentialAction":[{"@type":"SearchAction","target":{"@type":"EntryPoint","urlTemplate":"https:\/\/festspiele-taggenbrunn.at\/?s={search_term_string}"},"query-input":{"@type":"PropertyValueSpecification","valueRequired":true,"valueName":"search_term_string"}}],"inLanguage":"it-IT"},{"@type":"Organization","@id":"https:\/\/festspiele-taggenbrunn.at\/#organization","name":"Festival di Taggenbrunn","url":"https:\/\/festspiele-taggenbrunn.at\/","logo":{"@type":"ImageObject","inLanguage":"it-IT","@id":"https:\/\/festspiele-taggenbrunn.at\/#\/schema\/logo\/image\/","url":"https:\/\/festspiele-taggenbrunn.at\/wp-content\/uploads\/Logo-TGB-Festspiele-logo.png","contentUrl":"https:\/\/festspiele-taggenbrunn.at\/wp-content\/uploads\/Logo-TGB-Festspiele-logo.png","width":1947,"height":538,"caption":"Taggenbrunner Festspiele"},"image":{"@id":"https:\/\/festspiele-taggenbrunn.at\/#\/schema\/logo\/image\/"}}]}},"_links":{"self":[{"href":"https:\/\/festspiele-taggenbrunn.at\/it\/wp-json\/wp\/v2\/pages\/3"}],"collection":[{"href":"https:\/\/festspiele-taggenbrunn.at\/it\/wp-json\/wp\/v2\/pages"}],"about":[{"href":"https:\/\/festspiele-taggenbrunn.at\/it\/wp-json\/wp\/v2\/types\/page"}],"author":[{"embeddable":true,"href":"https:\/\/festspiele-taggenbrunn.at\/it\/wp-json\/wp\/v2\/users\/1"}],"replies":[{"embeddable":true,"href":"https:\/\/festspiele-taggenbrunn.at\/it\/wp-json\/wp\/v2\/comments?post=3"}],"version-history":[{"count":8,"href":"https:\/\/festspiele-taggenbrunn.at\/it\/wp-json\/wp\/v2\/pages\/3\/revisions"}],"predecessor-version":[{"id":1829,"href":"https:\/\/festspiele-taggenbrunn.at\/it\/wp-json\/wp\/v2\/pages\/3\/revisions\/1829"}],"wp:attachment":[{"href":"https:\/\/festspiele-taggenbrunn.at\/it\/wp-json\/wp\/v2\/media?parent=3"}],"curies":[{"name":"wp","href":"https:\/\/api.w.org\/{rel}","templated":true}]}}