{"id":1862,"date":"2019-08-23T09:08:07","date_gmt":"2019-08-23T07:08:07","guid":{"rendered":"http:\/\/festspiele-taggenbrunn.at\/?page_id=1862"},"modified":"2023-09-23T10:46:31","modified_gmt":"2023-09-23T08:46:31","slug":"agb-infos","status":"publish","type":"page","link":"https:\/\/festspiele-taggenbrunn.at\/it\/agb-infos\/","title":{"rendered":"AGB &amp; Info"},"content":{"rendered":"<div class=\"wpb-content-wrapper\"><section class=\"light-wrapper normal-padding vc_row wpb_row vc_row-fluid light-wrapper normal-padding\"><div class=\"container\"><div class=\"row\"><div class=\"wpb_column vc_column_container col-sm-12\"><div class=\"vc_column-inner\"><div class=\"wpb_wrapper\">\n\t<div class=\"wpb_text_column wpb_content_element\" >\n\t\t<div class=\"wpb_wrapper\">\n\t\t\t<h1><strong>Indicazioni, informazioni e condizioni generali\u00a0<\/strong><\/h1>\n<h4><strong>Biglietti d'ingresso<\/strong><\/h4>\n<p>Cantina del castello di Taggenbrunn: T. +43 4212 30 20 0, tickets@taggenbrunner-festspiele.at<br \/>\n\u00d6-Ticket via www.taggenbrunner-festspiele.at<br \/>\nSi applicano i termini e le condizioni di \u00d6-Ticket.<br \/>\nUffici di prenotazione in tutta l'Austria: https:\/\/www.oeticket.com\/help\/outlets\/?affiliate=B38<\/p>\n<p>Box office: se ci sono ancora biglietti disponibili, possono essere acquistati presso la sede (Castello di Taggenbrunn) a partire da 90 minuti prima del concerto.<\/p>\n<h4><strong>Scambio <\/strong><strong>\u2502<\/strong><strong>Cancellazione<\/strong><strong>\u2502<\/strong><strong>Rimborso<\/strong><\/h4>\n<p>In caso di eventi propri annullati, i biglietti (prezzo del biglietto) saranno rimborsati entro 2 mesi dalla data dell'evento annullato. In seguito, qualsiasi reclamo decadr\u00e0.<\/p>\n<p>L'organizzatore si riserva il diritto di apportare modifiche al cast, alle date e\/o al programma e non d\u00e0 diritto alla restituzione dei biglietti.<\/p>\n<h4><strong>Condizioni speciali per le persone in sedia a rotelle<\/strong><\/h4>\n<p>Le persone in sedia a rotelle ricevono uno sconto 50% per s\u00e9 e per un accompagnatore. I posti a sedere previsti a questo scopo si trovano esclusivamente in platea. I biglietti devono essere richiesti fino a una settimana prima dell'evento. L'ingresso senza barriere si trova all'entrata principale.<\/p>\n<h4><strong>Accesso e parcheggi<\/strong><\/h4>\n<p>Un totale di circa 80 posti auto gratuiti sono a disposizione dei visitatori sotto il Castello di Taggenbrunn e presso il viale d'accesso al castello. Altri posti auto gratuiti sono disponibili all'ingresso e presso la cantina di Taggenbrunn. In caso di bel tempo, \u00e8 possibile seguire il sentiero pedonale segnalato per raggiungere il castello (circa 15 minuti). I visitatori possono anche utilizzare gratuitamente l'ascensore del castello. I tornelli sono aperti da 90 minuti prima e fino a 60 minuti dopo l'evento. Si prega di arrivare in tempo utile prima dell'inizio dello spettacolo, si consiglia di arrivare almeno 30 minuti prima!<\/p>\n<p>Il team del Festival di Taggenbrunn sar\u00e0 lieto di accogliervi nell'area ristorazione, dove saranno disponibili bevande e snack.<\/p>\n<h4><strong>Ammissione | Arrivo in ritardo <\/strong><\/h4>\n<p>Ingresso in teatro: circa 30 minuti prima dell'inizio dello spettacolo. L'orario di ingresso pu\u00f2 essere posticipato per motivi organizzativi.<\/p>\n<p>Per motivi di sicurezza e in considerazione degli artisti partecipanti e degli altri visitatori, il diritto allo spazio prenotato scade all'inizio dell'evento.<\/p>\n<p>In tutti gli eventi del Festival di Taggenbrunn, i ritardatari saranno ammessi solo durante le pause o se accompagnati dal servizio di assistenza al pubblico. Non \u00e8 consentito occupare un posto diverso da quello indicato sul biglietto. In caso di cambio di posto non autorizzato, potr\u00e0 essere addebitata la differenza o il visitatore potr\u00e0 essere espulso dal posto o dallo spettacolo.<\/p>\n<h4><strong>Trasferimento<\/strong><\/h4>\n<p>Gli organizzatori del Festival di Taggenbrunn si riservano il diritto di cambiare i posti se i posti prenotati non possono essere utilizzati per motivi organizzativi o di sicurezza. Il cambio di posto avverr\u00e0 sempre nella stessa categoria di prezzo o con un upgrade a una categoria migliore.<\/p>\n<h4><strong>Autorit\u00e0 nazionale<\/strong><\/h4>\n<p>L'ingresso ai visitatori pu\u00f2 essere rifiutato se vi \u00e8 ragionevole motivo di ritenere che essi disturbino lo spettacolo o arrechino disturbo agli altri visitatori. L'ingresso pu\u00f2 essere rifiutato anche se i visitatori non hanno rispettato i termini e le condizioni delle precedenti esibizioni. Le persone che ostacolano la vendita dei biglietti, in particolare che tentano di offrire o rivendere biglietti privatamente nelle sale e nel parco del Festival di Taggenbrunn, possono essere espulse dall'edificio o dal parco del Festival. I visitatori possono essere espulsi dallo spettacolo in corso se si comportano in modo disturbante o se hanno occupato un posto per il quale non sono in possesso di un biglietto valido.<\/p>\n<p>I telefoni cellulari, i cercapersone e i dispositivi di segnalazione acustica di qualsiasi tipo possono essere portati nelle sedi solo se spenti.<\/p>\n<h4><strong>Registrazioni di suoni e\/o immagini <\/strong><\/h4>\n<p>Non sono consentite registrazioni di suoni e\/o immagini di qualsiasi tipo (anche con il cellulare!) a causa dei diritti d'autore e del possibile disturbo agli artisti e al pubblico. Si precisa che i possessori di biglietti che non rispetteranno queste norme saranno esclusi dall'evento senza alcun diritto di rimborso.<\/p>\n<p>Il visitatore acconsente alla registrazione della sua persona e al relativo utilizzo sotto forma di foto, riprese televisive e video da parte del Festival di Taggenbrunn o di terzi autorizzati. Per qualsiasi domanda, si prega di contattare il nostro servizio pubblico all'ingresso.<\/p>\n<h4><strong>Informazioni legali<\/strong><\/h4>\n<p>Tutti i diritti sono riservati. Tutti i contenuti, i testi, le immagini, i grafici, i file audio e video presenti sul sito web del Festival di Taggenbrunn sono protetti da copyright e da altre leggi di tutela. Il contenuto della homepage non pu\u00f2 essere copiato, distribuito o reso accessibile a terzi per scopi commerciali senza il consenso del Festival di Taggenbrunn.<\/p>\n<p>Il contenuto del sito web del Festival di Taggenbrunn \u00e8 stato redatto con la massima cura possibile. Tuttavia, il Festival di Taggenbrunn non pu\u00f2 garantire che le informazioni contenute siano prive di errori e accurate. La responsabilit\u00e0 per l'attualit\u00e0, la correttezza e la completezza dei dati \u00e8 esclusa.<\/p>\n<p>I presenti termini e condizioni sono soggetti alla legge austriaca.<\/p>\n<p>\u00a9 Festival di Taggenbrunn<br \/>\n04\/2022<\/p>\n\n\t\t<\/div>\n\t<\/div>\n<\/div><\/div><\/div><\/div><\/div><\/section>\n<\/div>","protected":false},"excerpt":{"rendered":"Indicazioni, informazioni e condizioni generali Biglietti d'ingresso Weingut Burg Taggenbrunn: T. +43 4212 30 20 0, tickets@taggenbrunner-festspiele.at \u00d6-Ticket via www.taggenbrunner-festspiele.at...","protected":false},"author":1,"featured_media":0,"parent":0,"menu_order":0,"comment_status":"closed","ping_status":"closed","template":"","meta":{"_acf_changed":false,"inline_featured_image":false,"footnotes":""},"class_list":["post-1862","page","type-page","status-publish","hentry"],"acf":[],"yoast_head":"<!-- This site is optimized with the Yoast SEO plugin v23.6 - https:\/\/yoast.com\/wordpress\/plugins\/seo\/ -->\n<title>AGB &amp; Infos &#183; Festspiele Taggenbrunn<\/title>\n<meta name=\"robots\" content=\"index, follow, max-snippet:-1, max-image-preview:large, max-video-preview:-1\" \/>\n<link rel=\"canonical\" href=\"https:\/\/festspiele-taggenbrunn.at\/it\/agb-infos\/\" \/>\n<meta property=\"og:locale\" content=\"it_IT\" \/>\n<meta property=\"og:type\" content=\"article\" \/>\n<meta property=\"og:title\" content=\"AGB &amp; Infos &#183; Festspiele Taggenbrunn\" \/>\n<meta property=\"og:url\" content=\"https:\/\/festspiele-taggenbrunn.at\/it\/agb-infos\/\" \/>\n<meta property=\"og:site_name\" content=\"Festspiele Taggenbrunn\" \/>\n<meta property=\"article:modified_time\" content=\"2023-09-23T08:46:31+00:00\" \/>\n<meta name=\"twitter:card\" content=\"summary_large_image\" \/>\n<meta name=\"twitter:label1\" content=\"Tempo di lettura stimato\" \/>\n\t<meta name=\"twitter:data1\" content=\"4 minuti\" \/>\n<script type=\"application\/ld+json\" class=\"yoast-schema-graph\">{\"@context\":\"https:\/\/schema.org\",\"@graph\":[{\"@type\":\"WebPage\",\"@id\":\"https:\/\/festspiele-taggenbrunn.at\/agb-infos\/\",\"url\":\"https:\/\/festspiele-taggenbrunn.at\/agb-infos\/\",\"name\":\"AGB & Infos &#183; Festspiele Taggenbrunn\",\"isPartOf\":{\"@id\":\"https:\/\/festspiele-taggenbrunn.at\/#website\"},\"datePublished\":\"2019-08-23T07:08:07+00:00\",\"dateModified\":\"2023-09-23T08:46:31+00:00\",\"breadcrumb\":{\"@id\":\"https:\/\/festspiele-taggenbrunn.at\/agb-infos\/#breadcrumb\"},\"inLanguage\":\"it-IT\",\"potentialAction\":[{\"@type\":\"ReadAction\",\"target\":[\"https:\/\/festspiele-taggenbrunn.at\/agb-infos\/\"]}]},{\"@type\":\"BreadcrumbList\",\"@id\":\"https:\/\/festspiele-taggenbrunn.at\/agb-infos\/#breadcrumb\",\"itemListElement\":[{\"@type\":\"ListItem\",\"position\":1,\"name\":\"Home\",\"item\":\"https:\/\/festspiele-taggenbrunn.at\/\"},{\"@type\":\"ListItem\",\"position\":2,\"name\":\"AGB &#038; Infos\"}]},{\"@type\":\"WebSite\",\"@id\":\"https:\/\/festspiele-taggenbrunn.at\/#website\",\"url\":\"https:\/\/festspiele-taggenbrunn.at\/\",\"name\":\"Festspiele Taggenbrunn\",\"description\":\"\",\"publisher\":{\"@id\":\"https:\/\/festspiele-taggenbrunn.at\/#organization\"},\"potentialAction\":[{\"@type\":\"SearchAction\",\"target\":{\"@type\":\"EntryPoint\",\"urlTemplate\":\"https:\/\/festspiele-taggenbrunn.at\/?s={search_term_string}\"},\"query-input\":{\"@type\":\"PropertyValueSpecification\",\"valueRequired\":true,\"valueName\":\"search_term_string\"}}],\"inLanguage\":\"it-IT\"},{\"@type\":\"Organization\",\"@id\":\"https:\/\/festspiele-taggenbrunn.at\/#organization\",\"name\":\"Taggenbrunner Festspiele\",\"url\":\"https:\/\/festspiele-taggenbrunn.at\/\",\"logo\":{\"@type\":\"ImageObject\",\"inLanguage\":\"it-IT\",\"@id\":\"https:\/\/festspiele-taggenbrunn.at\/#\/schema\/logo\/image\/\",\"url\":\"https:\/\/festspiele-taggenbrunn.at\/wp-content\/uploads\/Logo-TGB-Festspiele-logo.png\",\"contentUrl\":\"https:\/\/festspiele-taggenbrunn.at\/wp-content\/uploads\/Logo-TGB-Festspiele-logo.png\",\"width\":1947,\"height\":538,\"caption\":\"Taggenbrunner Festspiele\"},\"image\":{\"@id\":\"https:\/\/festspiele-taggenbrunn.at\/#\/schema\/logo\/image\/\"}}]}<\/script>\n<!-- \/ Yoast SEO plugin. -->","yoast_head_json":{"title":"AGB &amp; Info - Festival di Taggenbrunn","robots":{"index":"index","follow":"follow","max-snippet":"max-snippet:-1","max-image-preview":"max-image-preview:large","max-video-preview":"max-video-preview:-1"},"canonical":"https:\/\/festspiele-taggenbrunn.at\/it\/agb-infos\/","og_locale":"it_IT","og_type":"article","og_title":"AGB & Infos &#183; Festspiele Taggenbrunn","og_url":"https:\/\/festspiele-taggenbrunn.at\/it\/agb-infos\/","og_site_name":"Festspiele Taggenbrunn","article_modified_time":"2023-09-23T08:46:31+00:00","twitter_card":"summary_large_image","twitter_misc":{"Tempo di lettura stimato":"4 minuti"},"schema":{"@context":"https:\/\/schema.org","@graph":[{"@type":"WebPage","@id":"https:\/\/festspiele-taggenbrunn.at\/agb-infos\/","url":"https:\/\/festspiele-taggenbrunn.at\/agb-infos\/","name":"AGB &amp; Info - Festival di Taggenbrunn","isPartOf":{"@id":"https:\/\/festspiele-taggenbrunn.at\/#website"},"datePublished":"2019-08-23T07:08:07+00:00","dateModified":"2023-09-23T08:46:31+00:00","breadcrumb":{"@id":"https:\/\/festspiele-taggenbrunn.at\/agb-infos\/#breadcrumb"},"inLanguage":"it-IT","potentialAction":[{"@type":"ReadAction","target":["https:\/\/festspiele-taggenbrunn.at\/agb-infos\/"]}]},{"@type":"BreadcrumbList","@id":"https:\/\/festspiele-taggenbrunn.at\/agb-infos\/#breadcrumb","itemListElement":[{"@type":"ListItem","position":1,"name":"Home","item":"https:\/\/festspiele-taggenbrunn.at\/"},{"@type":"ListItem","position":2,"name":"AGB &#038; Infos"}]},{"@type":"WebSite","@id":"https:\/\/festspiele-taggenbrunn.at\/#website","url":"https:\/\/festspiele-taggenbrunn.at\/","name":"Festival di Taggenbrunn","description":"","publisher":{"@id":"https:\/\/festspiele-taggenbrunn.at\/#organization"},"potentialAction":[{"@type":"SearchAction","target":{"@type":"EntryPoint","urlTemplate":"https:\/\/festspiele-taggenbrunn.at\/?s={search_term_string}"},"query-input":{"@type":"PropertyValueSpecification","valueRequired":true,"valueName":"search_term_string"}}],"inLanguage":"it-IT"},{"@type":"Organization","@id":"https:\/\/festspiele-taggenbrunn.at\/#organization","name":"Festival di Taggenbrunn","url":"https:\/\/festspiele-taggenbrunn.at\/","logo":{"@type":"ImageObject","inLanguage":"it-IT","@id":"https:\/\/festspiele-taggenbrunn.at\/#\/schema\/logo\/image\/","url":"https:\/\/festspiele-taggenbrunn.at\/wp-content\/uploads\/Logo-TGB-Festspiele-logo.png","contentUrl":"https:\/\/festspiele-taggenbrunn.at\/wp-content\/uploads\/Logo-TGB-Festspiele-logo.png","width":1947,"height":538,"caption":"Taggenbrunner Festspiele"},"image":{"@id":"https:\/\/festspiele-taggenbrunn.at\/#\/schema\/logo\/image\/"}}]}},"_links":{"self":[{"href":"https:\/\/festspiele-taggenbrunn.at\/it\/wp-json\/wp\/v2\/pages\/1862"}],"collection":[{"href":"https:\/\/festspiele-taggenbrunn.at\/it\/wp-json\/wp\/v2\/pages"}],"about":[{"href":"https:\/\/festspiele-taggenbrunn.at\/it\/wp-json\/wp\/v2\/types\/page"}],"author":[{"embeddable":true,"href":"https:\/\/festspiele-taggenbrunn.at\/it\/wp-json\/wp\/v2\/users\/1"}],"replies":[{"embeddable":true,"href":"https:\/\/festspiele-taggenbrunn.at\/it\/wp-json\/wp\/v2\/comments?post=1862"}],"version-history":[{"count":19,"href":"https:\/\/festspiele-taggenbrunn.at\/it\/wp-json\/wp\/v2\/pages\/1862\/revisions"}],"predecessor-version":[{"id":3843,"href":"https:\/\/festspiele-taggenbrunn.at\/it\/wp-json\/wp\/v2\/pages\/1862\/revisions\/3843"}],"wp:attachment":[{"href":"https:\/\/festspiele-taggenbrunn.at\/it\/wp-json\/wp\/v2\/media?parent=1862"}],"curies":[{"name":"wp","href":"https:\/\/api.w.org\/{rel}","templated":true}]}}