{"id":1525,"date":"2019-07-17T15:58:02","date_gmt":"2019-07-17T13:58:02","guid":{"rendered":"http:\/\/festspiele-taggenbrunn.at\/?page_id=1525"},"modified":"2022-08-22T14:13:29","modified_gmt":"2022-08-22T12:13:29","slug":"impressum","status":"publish","type":"page","link":"https:\/\/festspiele-taggenbrunn.at\/it\/impressum\/","title":{"rendered":"Impronta"},"content":{"rendered":"<div class=\"wpb-content-wrapper\"><section class=\"light-wrapper normal-padding vc_row wpb_row vc_row-fluid light-wrapper normal-padding\"><div class=\"container\"><div class=\"row\"><div class=\"wpb_column vc_column_container col-sm-8 col-sm-offset-2 col-xs-12\"><div class=\"vc_column-inner\"><div class=\"wpb_wrapper\">\n\t<div class=\"wpb_text_column wpb_content_element\" >\n\t\t<div class=\"wpb_wrapper\">\n\t\t\t<h1>Impronta<\/h1>\n<p>Informazioni ai sensi del \u00a7 5 TMG<\/p>\n<p>Responsabile del contenuto:<\/p>\n<p>&nbsp;<\/p>\n<p><strong>Nome<\/strong><br \/>Associazione culturale del castello di Taggenbrunn<\/p>\n<p><strong>indirizzo<\/strong><br \/>Jacques-Lemans-Strasse 1<br \/>9300 St. Veit an der Glan\/Austria<\/p>\n<p><strong>Formulazione dell'azienda<\/strong>:<br \/>Castello culturale di Taggenbrunn<br \/>Jacques-Lemans-Strasse 1<br \/>9300 St. Veit an der Glan\/Austria<\/p>\n<p><strong>Tribunale del registro delle imprese<\/strong>:<br \/>Foro competente Klagenfurt am W\u00f6rthersee<\/p>\n<p><strong>UID n: <\/strong><!--StartFragment --><span class=\"cf0\">ATU 77529337<\/span><\/p>\n<p><!--EndFragment --><\/p>\n<h4>Informazioni legali sul sito web<\/h4>\n<p>Tutti i testi, le immagini e le altre informazioni pubblicate sono soggette al copyright del gestore del sito, a meno che non esistano diritti d'autore di terzi. In ogni caso, la duplicazione, la distribuzione o la riproduzione pubblica sono consentite solo con il consenso revocabile e non trasferibile del gestore del sito.<\/p>\n<p>I link che rimandano al contenuto di questo sito web richiedono il consenso del gestore del sito. Tale consenso deve essere richiesto nuovamente per ogni modifica sostanziale del contenuto del sito web e pu\u00f2 essere revocato informalmente in qualsiasi momento. I link a contenuti illegali, offensivi, fuorvianti, diffamatori o per adulti sono esclusi in ogni caso.<\/p>\n<p>I contenuti del nostro sito web sono stati creati con la massima cura. Tuttavia, non possiamo garantire che siano aggiornati e completi.<\/p>\n<p>\"Questo sito web utilizza Google Analytics, un servizio di analisi web fornito da Google Inc (\"Google\"). Google Analytics utilizza dei \"cookies\", file di testo che vengono depositati sul vostro computer per consentire al sito web di analizzare come gli utenti utilizzano il sito. Le informazioni generate dal cookie sull'utilizzo del sito web da parte dell'utente (compreso il suo indirizzo IP) vengono trasmesse e memorizzate da Google su un server negli Stati Uniti. Google utilizzer\u00e0 queste informazioni allo scopo di analizzare il vostro utilizzo del sito web, compilare report sulle attivit\u00e0 del sito web per gli operatori del sito web e fornire altri servizi relativi alle attivit\u00e0 del sito web e all'utilizzo di Internet. Google pu\u00f2 anche trasferire queste informazioni a terzi, se ci\u00f2 \u00e8 richiesto dalla legge o se tali terzi elaborano le informazioni per conto di Google. Google non assocer\u00e0 il vostro indirizzo IP a nessun altro dato posseduto da Google. Potete rifiutarvi di usare i cookie selezionando l'impostazione appropriata sul vostro browser, ma tenete presente che in tal caso potreste non essere in grado di utilizzare tutte le funzionalit\u00e0 di questo sito web. Utilizzando il presente sito web, acconsentite al trattamento dei vostri dati da parte di Google per le modalit\u00e0 e i fini sopraindicati.\"<\/p>\n<p>Il gestore del sito non si assume alcuna responsabilit\u00e0 per i contenuti web collegati a questo sito, in quanto non si tratta di contenuti propri. I link esterni sono stati controllati per verificare la presenza di contenuti illegali, ma al momento non \u00e8 stato possibile individuare tali contenuti. Tuttavia, non vi \u00e8 alcun obbligo generale di monitorare e controllare i contenuti esterni.<br \/>I marchi e i nomi dei marchi elencati sono di propriet\u00e0 dei rispettivi titolari.<\/p>\n<p>&nbsp;<\/p>\n<h2 class=\"wp-block-heading\">Esclusione di responsabilit\u00e0<\/h2>\n<p>&nbsp;<\/p>\n<h3 class=\"wp-block-heading\">Responsabilit\u00e0 per i contenuti<\/h3>\n<p>I contenuti delle nostre pagine sono stati creati con la massima cura. Tuttavia, non possiamo assumerci alcuna responsabilit\u00e0 per l'accuratezza, la completezza e l'attualit\u00e0 dei contenuti. In qualit\u00e0 di fornitore di servizi, siamo responsabili dei nostri contenuti su queste pagine ai sensi del \u00a7 7 comma 1 TMG (legge tedesca sui media telematici) e delle leggi generali. Ai sensi dei \u00a7\u00a7 8-10 TMG, tuttavia, in qualit\u00e0 di fornitore di servizi non siamo obbligati a monitorare le informazioni trasmesse o memorizzate da terzi o a indagare su circostanze che indicano un'attivit\u00e0 illegale. L'obbligo di rimuovere o bloccare l'uso delle informazioni in conformit\u00e0 alla legislazione generale rimane inalterato. Tuttavia, la responsabilit\u00e0 in questo senso \u00e8 possibile solo a partire dal momento in cui si viene a conoscenza di una specifica violazione. Non appena verremo a conoscenza di tali violazioni, provvederemo a rimuovere immediatamente tali contenuti.<\/p>\n<p>&nbsp;<\/p>\n<h3 class=\"wp-block-heading\">Responsabilit\u00e0 per i link<\/h3>\n<p>Il nostro sito web contiene link a siti esterni di terzi sui cui contenuti non abbiamo alcuna influenza. Pertanto, non ci assumiamo alcuna responsabilit\u00e0 per questi contenuti di terzi. Il rispettivo fornitore o gestore delle pagine \u00e8 sempre responsabile del contenuto delle pagine collegate. Le pagine collegate sono state controllate per verificare eventuali violazioni di legge al momento del collegamento. I contenuti illegali non erano riconoscibili al momento del collegamento. Tuttavia, un controllo permanente dei contenuti delle pagine collegate non \u00e8 ragionevole senza prove concrete di una violazione. Nel caso in cui venissimo a conoscenza di violazioni di legge, provvederemo a rimuovere immediatamente tali link.<\/p>\n<p>&nbsp;<\/p>\n<h3 class=\"wp-block-heading\">Copyright<\/h3>\n<p>I contenuti e le opere create o utilizzate dagli operatori del sito in queste pagine sono soggetti a copyright. La riproduzione, la modifica, la distribuzione e qualsiasi tipo di utilizzo al di fuori dei limiti della legge sul copyright richiedono il consenso del rispettivo autore o creatore. Download e copie di questo sito sono consentiti solo per uso privato e non commerciale. Nella misura in cui i contenuti di questo sito non sono stati creati dall'operatore, vengono rispettati i diritti d'autore di terzi. In particolare, i contenuti di terzi sono contrassegnati come tali. Se tuttavia doveste venire a conoscenza di una violazione del copyright, siete pregati di informarci. Qualora venissimo a conoscenza di violazioni, provvederemo a rimuovere immediatamente tali contenuti.<\/p>\n<p>&nbsp;<\/p>\n\n\t\t<\/div>\n\t<\/div>\n<\/div><\/div><\/div><\/div><\/div><\/section><\/div>","protected":false},"excerpt":{"rendered":"Informazioni sulla stampa ai sensi del \u00a7 5 TMG Responsabile del contenuto: NomeVerein Kultur-Burg Taggenbrunn IndirizzoJacques-Lemans-Stra\u00dfe 19300 St. Veit an der Glan\/Austria...","protected":false},"author":1,"featured_media":0,"parent":0,"menu_order":0,"comment_status":"closed","ping_status":"closed","template":"","meta":{"_acf_changed":false,"inline_featured_image":false,"footnotes":""},"class_list":["post-1525","page","type-page","status-publish","hentry"],"acf":[],"yoast_head":"<!-- This site is optimized with the Yoast SEO plugin v23.6 - https:\/\/yoast.com\/wordpress\/plugins\/seo\/ -->\n<title>Impressum &#183; Festspiele Taggenbrunn<\/title>\n<meta name=\"robots\" content=\"index, follow, max-snippet:-1, max-image-preview:large, max-video-preview:-1\" \/>\n<link rel=\"canonical\" href=\"https:\/\/festspiele-taggenbrunn.at\/it\/impressum\/\" \/>\n<meta property=\"og:locale\" content=\"it_IT\" \/>\n<meta property=\"og:type\" content=\"article\" \/>\n<meta property=\"og:title\" content=\"Impressum &#183; Festspiele Taggenbrunn\" \/>\n<meta property=\"og:url\" content=\"https:\/\/festspiele-taggenbrunn.at\/it\/impressum\/\" \/>\n<meta property=\"og:site_name\" content=\"Festspiele Taggenbrunn\" \/>\n<meta property=\"article:modified_time\" content=\"2022-08-22T12:13:29+00:00\" \/>\n<meta name=\"twitter:card\" content=\"summary_large_image\" \/>\n<meta name=\"twitter:label1\" content=\"Tempo di lettura stimato\" \/>\n\t<meta name=\"twitter:data1\" content=\"4 minuti\" \/>\n<script type=\"application\/ld+json\" class=\"yoast-schema-graph\">{\"@context\":\"https:\/\/schema.org\",\"@graph\":[{\"@type\":\"WebPage\",\"@id\":\"https:\/\/festspiele-taggenbrunn.at\/impressum\/\",\"url\":\"https:\/\/festspiele-taggenbrunn.at\/impressum\/\",\"name\":\"Impressum &#183; Festspiele Taggenbrunn\",\"isPartOf\":{\"@id\":\"https:\/\/festspiele-taggenbrunn.at\/#website\"},\"datePublished\":\"2019-07-17T13:58:02+00:00\",\"dateModified\":\"2022-08-22T12:13:29+00:00\",\"breadcrumb\":{\"@id\":\"https:\/\/festspiele-taggenbrunn.at\/impressum\/#breadcrumb\"},\"inLanguage\":\"it-IT\",\"potentialAction\":[{\"@type\":\"ReadAction\",\"target\":[\"https:\/\/festspiele-taggenbrunn.at\/impressum\/\"]}]},{\"@type\":\"BreadcrumbList\",\"@id\":\"https:\/\/festspiele-taggenbrunn.at\/impressum\/#breadcrumb\",\"itemListElement\":[{\"@type\":\"ListItem\",\"position\":1,\"name\":\"Home\",\"item\":\"https:\/\/festspiele-taggenbrunn.at\/\"},{\"@type\":\"ListItem\",\"position\":2,\"name\":\"Impressum\"}]},{\"@type\":\"WebSite\",\"@id\":\"https:\/\/festspiele-taggenbrunn.at\/#website\",\"url\":\"https:\/\/festspiele-taggenbrunn.at\/\",\"name\":\"Festspiele Taggenbrunn\",\"description\":\"\",\"publisher\":{\"@id\":\"https:\/\/festspiele-taggenbrunn.at\/#organization\"},\"potentialAction\":[{\"@type\":\"SearchAction\",\"target\":{\"@type\":\"EntryPoint\",\"urlTemplate\":\"https:\/\/festspiele-taggenbrunn.at\/?s={search_term_string}\"},\"query-input\":{\"@type\":\"PropertyValueSpecification\",\"valueRequired\":true,\"valueName\":\"search_term_string\"}}],\"inLanguage\":\"it-IT\"},{\"@type\":\"Organization\",\"@id\":\"https:\/\/festspiele-taggenbrunn.at\/#organization\",\"name\":\"Taggenbrunner Festspiele\",\"url\":\"https:\/\/festspiele-taggenbrunn.at\/\",\"logo\":{\"@type\":\"ImageObject\",\"inLanguage\":\"it-IT\",\"@id\":\"https:\/\/festspiele-taggenbrunn.at\/#\/schema\/logo\/image\/\",\"url\":\"https:\/\/festspiele-taggenbrunn.at\/wp-content\/uploads\/Logo-TGB-Festspiele-logo.png\",\"contentUrl\":\"https:\/\/festspiele-taggenbrunn.at\/wp-content\/uploads\/Logo-TGB-Festspiele-logo.png\",\"width\":1947,\"height\":538,\"caption\":\"Taggenbrunner Festspiele\"},\"image\":{\"@id\":\"https:\/\/festspiele-taggenbrunn.at\/#\/schema\/logo\/image\/\"}}]}<\/script>\n<!-- \/ Yoast SEO plugin. -->","yoast_head_json":{"title":"Impronta - Festival di Taggenbrunn","robots":{"index":"index","follow":"follow","max-snippet":"max-snippet:-1","max-image-preview":"max-image-preview:large","max-video-preview":"max-video-preview:-1"},"canonical":"https:\/\/festspiele-taggenbrunn.at\/it\/impressum\/","og_locale":"it_IT","og_type":"article","og_title":"Impressum &#183; Festspiele Taggenbrunn","og_url":"https:\/\/festspiele-taggenbrunn.at\/it\/impressum\/","og_site_name":"Festspiele Taggenbrunn","article_modified_time":"2022-08-22T12:13:29+00:00","twitter_card":"summary_large_image","twitter_misc":{"Tempo di lettura stimato":"4 minuti"},"schema":{"@context":"https:\/\/schema.org","@graph":[{"@type":"WebPage","@id":"https:\/\/festspiele-taggenbrunn.at\/impressum\/","url":"https:\/\/festspiele-taggenbrunn.at\/impressum\/","name":"Impronta - Festival di Taggenbrunn","isPartOf":{"@id":"https:\/\/festspiele-taggenbrunn.at\/#website"},"datePublished":"2019-07-17T13:58:02+00:00","dateModified":"2022-08-22T12:13:29+00:00","breadcrumb":{"@id":"https:\/\/festspiele-taggenbrunn.at\/impressum\/#breadcrumb"},"inLanguage":"it-IT","potentialAction":[{"@type":"ReadAction","target":["https:\/\/festspiele-taggenbrunn.at\/impressum\/"]}]},{"@type":"BreadcrumbList","@id":"https:\/\/festspiele-taggenbrunn.at\/impressum\/#breadcrumb","itemListElement":[{"@type":"ListItem","position":1,"name":"Home","item":"https:\/\/festspiele-taggenbrunn.at\/"},{"@type":"ListItem","position":2,"name":"Impressum"}]},{"@type":"WebSite","@id":"https:\/\/festspiele-taggenbrunn.at\/#website","url":"https:\/\/festspiele-taggenbrunn.at\/","name":"Festival di Taggenbrunn","description":"","publisher":{"@id":"https:\/\/festspiele-taggenbrunn.at\/#organization"},"potentialAction":[{"@type":"SearchAction","target":{"@type":"EntryPoint","urlTemplate":"https:\/\/festspiele-taggenbrunn.at\/?s={search_term_string}"},"query-input":{"@type":"PropertyValueSpecification","valueRequired":true,"valueName":"search_term_string"}}],"inLanguage":"it-IT"},{"@type":"Organization","@id":"https:\/\/festspiele-taggenbrunn.at\/#organization","name":"Festival di Taggenbrunn","url":"https:\/\/festspiele-taggenbrunn.at\/","logo":{"@type":"ImageObject","inLanguage":"it-IT","@id":"https:\/\/festspiele-taggenbrunn.at\/#\/schema\/logo\/image\/","url":"https:\/\/festspiele-taggenbrunn.at\/wp-content\/uploads\/Logo-TGB-Festspiele-logo.png","contentUrl":"https:\/\/festspiele-taggenbrunn.at\/wp-content\/uploads\/Logo-TGB-Festspiele-logo.png","width":1947,"height":538,"caption":"Taggenbrunner Festspiele"},"image":{"@id":"https:\/\/festspiele-taggenbrunn.at\/#\/schema\/logo\/image\/"}}]}},"_links":{"self":[{"href":"https:\/\/festspiele-taggenbrunn.at\/it\/wp-json\/wp\/v2\/pages\/1525"}],"collection":[{"href":"https:\/\/festspiele-taggenbrunn.at\/it\/wp-json\/wp\/v2\/pages"}],"about":[{"href":"https:\/\/festspiele-taggenbrunn.at\/it\/wp-json\/wp\/v2\/types\/page"}],"author":[{"embeddable":true,"href":"https:\/\/festspiele-taggenbrunn.at\/it\/wp-json\/wp\/v2\/users\/1"}],"replies":[{"embeddable":true,"href":"https:\/\/festspiele-taggenbrunn.at\/it\/wp-json\/wp\/v2\/comments?post=1525"}],"version-history":[{"count":12,"href":"https:\/\/festspiele-taggenbrunn.at\/it\/wp-json\/wp\/v2\/pages\/1525\/revisions"}],"predecessor-version":[{"id":3417,"href":"https:\/\/festspiele-taggenbrunn.at\/it\/wp-json\/wp\/v2\/pages\/1525\/revisions\/3417"}],"wp:attachment":[{"href":"https:\/\/festspiele-taggenbrunn.at\/it\/wp-json\/wp\/v2\/media?parent=1525"}],"curies":[{"name":"wp","href":"https:\/\/api.w.org\/{rel}","templated":true}]}}